{"id":725,"date":"2018-05-23T14:57:53","date_gmt":"2018-05-23T12:57:53","guid":{"rendered":"https:\/\/web.td2.info.pl\/?page_id=725"},"modified":"2024-05-12T22:10:45","modified_gmt":"2024-05-12T20:10:45","slug":"regulaminy","status":"publish","type":"page","link":"https:\/\/web.td2.info.pl\/pl\/regulaminy\/","title":{"rendered":"Regulaminy"},"content":{"rendered":"&nbsp;<\/p>\n<p style=\"text-align: center;\"><b>Preambu\u0142a Symulatora<\/b><\/p>\n<blockquote><p><span style=\"font-weight: 400;\">Symulator tworzony jest przez pasjonat\u00f3w dla pasjonat\u00f3w. Symulator jest dost\u0119pny dla ka\u017cdego kto szanuje nasz\u0105 prac\u0119 i korzysta z symulatora w spos\u00f3b akceptowalny spo\u0142ecznie. Korzystanie z symulatora jest przywilejem a nie prawem. Dost\u0119p do spo\u0142eczno\u015bci tak jak zostaje przyznany w wyniku rejestracji, tak samo mo\u017ce zosta\u0107 odebrany. Nadrz\u0119dnymi warto\u015bciami tego projektu s\u0105 zesp\u00f3\u0142 i spo\u0142eczno\u015b\u0107, kt\u00f3ra go tworzy. Je\u017celi b\u0119dziesz dzia\u0142a\u0107 przeciwko nim to zostaniesz natychmiast i bezpowrotnie usuni\u0119ty ze spo\u0142eczno\u015bci.<\/span><\/p><\/blockquote>\n<ul>\n<li><a href=\"https:\/\/docs.google.com\/document\/d\/1UFCQHCkjXMe-AtPpbMwZStdIi4NRT154YYIUv7nCMu0\/edit?usp=sharing\">Regulamin forum<\/a><\/li>\n<li><a href=\"https:\/\/docs.google.com\/document\/d\/1UAAPUtN0d_RoS4RgOzEzllJZJhA0VcizzCzKW4QylbY\/edit?usp=sharing\">Regulamin symulatora<\/a><\/li>\n<li><a href=\"https:\/\/docs.google.com\/document\/d\/1HjQbxPTUj18CLsF9piuOmbIoRCbxg0gkCP-cGKRVVq4\/edit\">Polityka Prywatno\u015bci<\/a><\/li>\n<li><a href=\"https:\/\/docs.google.com\/document\/d\/1gNSumq6_hO5Tua1n6QT5gqjyi53ku6ciAgMf0TuAhZU\/edit?usp=sharing\">Regulamin serwera TeamSpeak<\/a><\/li>\n<li><a href=\"https:\/\/docs.google.com\/spreadsheets\/d\/1O3JDLhAGB1oxKteFcCYJ4Rg2mmaJxieXkTPJWnNYxco\/edit?usp=sharing\">Taryfikator<\/a><\/li>\n<li><a href=\"https:\/\/docs.google.com\/document\/d\/1OZgzd6oZCQd36-KJbfU0PI7L4kpYtOMAgiRBfeISz4g\/edit\">Regulamin SSS<\/a><\/li>\n<\/ul>","protected":false},"excerpt":{"rendered":"<p>&nbsp; Preambu\u0142a Symulatora Symulator tworzony jest przez pasjonat\u00f3w dla pasjonat\u00f3w. Symulator jest dost\u0119pny dla ka\u017cdego kto szanuje nasz\u0105 prac\u0119 i korzysta z symulatora w spos\u00f3b akceptowalny spo\u0142ecznie. Korzystanie z symulatora jest przywilejem a nie prawem. Dost\u0119p do spo\u0142eczno\u015bci tak jak zostaje przyznany w wyniku rejestracji, tak samo mo\u017ce zosta\u0107 odebrany. Nadrz\u0119dnymi warto\u015bciami tego projektu s\u0105 [&hellip;]<\/p>\n","protected":false},"author":4,"featured_media":0,"parent":0,"menu_order":0,"comment_status":"closed","ping_status":"closed","template":"","meta":{"om_disable_all_campaigns":false,"_monsterinsights_skip_tracking":false,"_monsterinsights_sitenote_active":false,"_monsterinsights_sitenote_note":"","_monsterinsights_sitenote_category":0,"_uf_show_specific_survey":0,"_uf_disable_surveys":false,"footnotes":""},"class_list":["post-725","page","type-page","status-publish","hentry"],"aioseo_notices":[],"_links":{"self":[{"href":"https:\/\/web.td2.info.pl\/pl\/wp-json\/wp\/v2\/pages\/725"}],"collection":[{"href":"https:\/\/web.td2.info.pl\/pl\/wp-json\/wp\/v2\/pages"}],"about":[{"href":"https:\/\/web.td2.info.pl\/pl\/wp-json\/wp\/v2\/types\/page"}],"author":[{"embeddable":true,"href":"https:\/\/web.td2.info.pl\/pl\/wp-json\/wp\/v2\/users\/4"}],"replies":[{"embeddable":true,"href":"https:\/\/web.td2.info.pl\/pl\/wp-json\/wp\/v2\/comments?post=725"}],"version-history":[{"count":13,"href":"https:\/\/web.td2.info.pl\/pl\/wp-json\/wp\/v2\/pages\/725\/revisions"}],"predecessor-version":[{"id":1596,"href":"https:\/\/web.td2.info.pl\/pl\/wp-json\/wp\/v2\/pages\/725\/revisions\/1596"}],"wp:attachment":[{"href":"https:\/\/web.td2.info.pl\/pl\/wp-json\/wp\/v2\/media?parent=725"}],"curies":[{"name":"wp","href":"https:\/\/api.w.org\/{rel}","templated":true}]}}