{"id":489,"date":"2017-11-22T14:24:38","date_gmt":"2017-11-22T13:24:38","guid":{"rendered":"https:\/\/web.td2.info.pl\/?page_id=489"},"modified":"2019-04-12T15:31:19","modified_gmt":"2019-04-12T13:31:19","slug":"kontakt","status":"publish","type":"page","link":"https:\/\/web.td2.info.pl\/pl\/kontakt\/","title":{"rendered":"Kontakt"},"content":{"rendered":"<div style=\"display:none\" class=\"fm-form-container fm-theme2\"><div id=\"fm-pages7\" class=\"fm-pages wdform_page_navigation \" show_title=\"false\" show_numbers=\"true\" type=\"none\"><\/div><form name=\"form7\" action=\"\/pl\/wp-json\/wp\/v2\/pages\/489\" method=\"post\" id=\"form7\" class=\"fm-form form7  \" enctype=\"multipart\/form-data\"><input type=\"hidden\" id=\"fm_page_id7\" value=\"489\" name=\"fm_page_id7\" \/><input type=\"hidden\" id=\"fm_current_post_type7\" value=\"page\" name=\"fm_current_post_type7\" \/><input type=\"hidden\" id=\"counter7\" value=\"10\" name=\"counter7\" \/><input type=\"hidden\" id=\"Itemid7\" value=\"\" name=\"Itemid7\" \/><input type=\"hidden\" id=\"fm_shake7\" value=\"1\" name=\"fm_shake7\" \/><input type=\"text\" class=\"fm-hide\" id=\"fm_empty_field_validation7\" value=\"\" name=\"fm_empty_field_validation7\" data-value=\"bd736efb144d599cf463541431fbf5c4\" \/><div class=\"fm-header-bg\"><div class=\"fm-header \"><div class=\"fm-header-img  fm-animated flash\"><img decoding=\"async\" src=\"https:\/\/web.td2.info.pl\/wp-content\/plugins\/form-maker\/images\/demo\/2.png\" width=\"80px\" \/><\/div><div class=\"fm-header-text\">          <div class=\"fm-header-title\">            Formularz kontaktowy          <\/div>          <div class=\"fm-header-description\">            Mo\u017cesz si\u0119 z nami skontaktowa\u0107 przekazuj\u0105c swoje uwagi lub propozycje poprzez wype\u0142nienie poni\u017cszego formularza.          <\/div>        <\/div><\/div><\/div><div class=\"wdform-page-and-images fm-form-builder\" style=\"display:table; border-top:0px solid black;\"><div id=\"7form_view1\" class=\"wdform_page\" page_title=\"Untitled page\" next_title=\"Next\" next_type=\"text\" next_class=\"wdform-page-button\" next_checkable=\"false\" previous_title=\"Previous\" previous_type=\"text\" previous_class=\"wdform-page-button\" previous_checkable=\"false\"><div class=\"wdform_section fm-col-1\"><div class=\"wdform_column\"><div wdid=\"1\" class=\"wdform_row\"><div type=\"type_name\" class=\"wdform-field wd-width-100 wd-flex wd-flex-column fm-type_name\" ><div class=\"wdform-label-section wd-width-100  wd-flex-row\" style=\"max-width: 500px;\">    <label  for=\"wdform_1_element_first7\" class=\"wdform-label\">Imi\u0119:<\/label><span class=\"wdform-required\">*<\/span><\/div><div class=\"wdform-element-section wd-flex  wd-flex-row wd-width-100\" style=\"max-width: 250px;\"><div class=\"wd-flex wd-flex-column wd-width-50\"><input type=\"text\" class=\"wd-width-100\" id=\"wdform_1_element_first7\" name=\"wdform_1_element_first7\" data-value=\"Imie\" value=\"Imie\" title=\"First\" placeholder=\"First\"  \/><label class=\"mini_label\" for=\"wdform_1_element_first7\"><\/label><\/div><div class=\"wd-flex wd-flex-column wd-name-separator\"><\/div><div class=\"wd-flex wd-flex-column wd-width-50\"><input type=\"text\" class=\"wd-width-100\" id=\"wdform_1_element_last7\" name=\"wdform_1_element_last7\" data-value=\"Nazwisko\" value=\"Nazwisko\" title=\"Last\" placeholder=\"Last\"  \/><label class=\"mini_label\" for=\"wdform_1_element_last7\"><\/label><\/div><\/div><\/div><\/div><\/div><div class=\"wdform_column\"><div wdid=\"2\" class=\"wdform_row\"><div type=\"type_submitter_mail\" class=\"wdform-field wd-width-100 wd-flex wd-flex-column fm-type_submitter_mail\" ><div class=\"wdform-label-section wd-width-100  wd-flex-row\" style=\"max-width: 500px;\">    <label  for=\"wdform_2_element7\" class=\"wdform-label\">Podaj sw\u00f3j adres e-mail:<\/label><span class=\"wdform-required\">*<\/span><\/div><div class=\"wdform-element-section wd-flex  wd-flex-row wd-width-100\" style=\"max-width: 500px;\"><input type=\"text\" class=\"wd-width-100\" id=\"wdform_2_element7\" name=\"wdform_2_element7\" data-value=\"\" value=\"\" title=\"\" placeholder=\"\"   onchange=\"wd_check_email('2', '7', 'To nie jest prawid\u0142owy adres email.')\" \/><\/div><\/div><\/div><\/div><div class=\"wdform_column\"><div wdid=\"7\" class=\"wdform_row\"><div type=\"type_textarea\" class=\"wdform-field wd-width-100 wd-flex wd-flex-column fm-type_textarea\" ><div class=\"wdform-label-section wd-width-100 \" style=\"max-width: 500px;\">    <label  for=\"wdform_7_element7\" class=\"wdform-label\">Wiadomo\u015b\u0107:<\/label><span class=\"wdform-required\">*<\/span><\/div><div class=\"wdform-element-section wd-flex  wd-width-100\" style=\"max-width: 500px;\"><textarea class=\"wd-width-100\"                      id=\"wdform_7_element7\"                      name=\"wdform_7_element7\"                      placeholder=\"\"                      data-value=\"\"                      maxlength=\"\"                      style=\"height: 120px;\"                      ><\/textarea><\/div><\/div><\/div><\/div><div class=\"wdform_column\"><div wdid=\"9\" class=\"wdform_row\"><div type=\"type_recaptcha\" class=\"wdform-field wd-width-100 wd-flex wd-flex-row fm-type_recaptcha\" ><div class=\"wdform-label-section wd-width-30 wd-hidden wd-flex-row\">    <label  class=\"wdform-label\">reCAPTCHA<\/label><\/div><div class=\"wdform-element-section wd-flex wd-flex-row wd-width-100\" ><div id=\"recaptcha79\" class=\"g-recaptcha\" data-sitekey=\"6LfW8zkUAAAAALGxvGV2PpOT-B4_USKMfGlZJhDG\" data-form_id=\"7\" data-badge=\"bottomright\"><\/div><\/div><\/div><\/div><\/div><div class=\"wdform_column\"><div wdid=\"8\" class=\"wdform_row\"><div type=\"type_submit_reset\" class=\"wdform-field wd-width-100 wd-flex wd-flex-column fm-type_submit_reset\" ><div class=\"wdform-element-section wd-flex  wd-flex-row wd-justify-content-right wd-width-100\" ><button  type=\"button\" class=\"button-submit\" onclick=\"fm_submit_form('7');\"  data-ajax=\"0\"><span class=\"fm-submit-loading spinner fm-ico-spinner\"><\/span>Submit<\/button><button  type=\"button\" class=\"button-reset \" onclick=\"fm_reset_form(7);\" >Reset<\/button><\/div><\/div><\/div><\/div><\/div><div valign=\"top\" class=\"wdform_footer\" style=\"width: 100%;\"><div style=\"width: 100%;\"><div style=\"width: 100%; display: table; padding-top:10px;\"><div style=\"display: table-row-group;\"><div id=\"7page_nav1\" style=\"display: table-row;\"><\/div><\/div><\/div><\/div><\/div><\/div><\/div><div class=\"wdform_preload\"><\/div><input type=\"hidden\" name=\"fm-current-page\" value=\"https:\/\/web.td2.info.pl\/pl\/wp-json\/wp\/v2\/pages\/489\" \/><\/form><\/div>","protected":false},"excerpt":{"rendered":"","protected":false},"author":4,"featured_media":0,"parent":0,"menu_order":0,"comment_status":"closed","ping_status":"closed","template":"","meta":{"om_disable_all_campaigns":false,"_monsterinsights_skip_tracking":false,"_monsterinsights_sitenote_active":false,"_monsterinsights_sitenote_note":"","_monsterinsights_sitenote_category":0,"_uf_show_specific_survey":0,"_uf_disable_surveys":false,"footnotes":""},"class_list":["post-489","page","type-page","status-publish","hentry"],"aioseo_notices":[],"_links":{"self":[{"href":"https:\/\/web.td2.info.pl\/pl\/wp-json\/wp\/v2\/pages\/489"}],"collection":[{"href":"https:\/\/web.td2.info.pl\/pl\/wp-json\/wp\/v2\/pages"}],"about":[{"href":"https:\/\/web.td2.info.pl\/pl\/wp-json\/wp\/v2\/types\/page"}],"author":[{"embeddable":true,"href":"https:\/\/web.td2.info.pl\/pl\/wp-json\/wp\/v2\/users\/4"}],"replies":[{"embeddable":true,"href":"https:\/\/web.td2.info.pl\/pl\/wp-json\/wp\/v2\/comments?post=489"}],"version-history":[{"count":2,"href":"https:\/\/web.td2.info.pl\/pl\/wp-json\/wp\/v2\/pages\/489\/revisions"}],"predecessor-version":[{"id":1100,"href":"https:\/\/web.td2.info.pl\/pl\/wp-json\/wp\/v2\/pages\/489\/revisions\/1100"}],"wp:attachment":[{"href":"https:\/\/web.td2.info.pl\/pl\/wp-json\/wp\/v2\/media?parent=489"}],"curies":[{"name":"wp","href":"https:\/\/api.w.org\/{rel}","templated":true}]}}