{"id":373,"date":"2017-08-05T10:05:55","date_gmt":"2017-08-05T08:05:55","guid":{"rendered":"https:\/\/web.td2.info.pl\/?page_id=373"},"modified":"2021-06-02T08:26:41","modified_gmt":"2021-06-02T06:26:41","slug":"about-us","status":"publish","type":"page","link":"https:\/\/web.td2.info.pl\/pl\/o-symulatorze\/about-us\/","title":{"rendered":"O nas"},"content":{"rendered":"Train Driver 2 jest aktualnie w fazie produkcyjnej; forum jak i wersja alfa gry zosta\u0142y udost\u0119pnione 26 czerwca 2015. Od tego czasu min\u0119\u0142o wiele godzin na programowaniu, testowaniu, naprawianiu bug\u00f3w, dopracowywaniu \u00a0detali i jeszcze wi\u0119cej na usuwania bug\u00f3w. Przez lata zesp\u00f3\u0142 przechodzi\u0142 wiele zmian. Na tej stronie s\u0105 wy\u015bwietlone osoby maj\u0105ce wk\u0142ad w rozw\u00f3j ca\u0142ego projektu. Serdecznie dzi\u0119kujemy za Wasz\u0105 prac\u0119 w\u0142o\u017con\u0105 w Train Driver 2! Je\u017celi nie ma Ciebie na tej li\u015bcie, a uwa\u017casz \u017ce powiniene\u015b &#8211; skontaktuj si\u0119 z nami!<\/p>\n<p><a href=\"https:\/\/web.td2.info.pl\/wp-content\/uploads\/2021\/06\/Zlot_TD2.jpg\"><img loading=\"lazy\" decoding=\"async\" class=\"aligncenter size-large wp-image-1256\" src=\"https:\/\/web.td2.info.pl\/wp-content\/uploads\/2021\/06\/Zlot_TD2-1024x681.jpg\" alt=\"\" width=\"870\" height=\"579\" srcset=\"https:\/\/web.td2.info.pl\/wp-content\/uploads\/2021\/06\/Zlot_TD2-1024x681.jpg 1024w, https:\/\/web.td2.info.pl\/wp-content\/uploads\/2021\/06\/Zlot_TD2-300x200.jpg 300w, https:\/\/web.td2.info.pl\/wp-content\/uploads\/2021\/06\/Zlot_TD2-768x511.jpg 768w, https:\/\/web.td2.info.pl\/wp-content\/uploads\/2021\/06\/Zlot_TD2-1536x1022.jpg 1536w, https:\/\/web.td2.info.pl\/wp-content\/uploads\/2021\/06\/Zlot_TD2.jpg 1900w\" sizes=\"(max-width: 870px) 100vw, 870px\" \/><\/a><br \/>\n<strong>Pierwsze spotkanie teamu TD2.<\/strong> Wroc\u0142aw 30.04.2018<br \/>\nObecni: atmosferyczny, barterbly, hammer, kamads, l0stfake, marcin_S, siewca, trichlor, UAZownik, uetam,<br \/>\nautor zdj\u0119cia : siewca; edycja : kamads<\/p>\n<p><img loading=\"lazy\" decoding=\"async\" class=\"aligncenter wp-image-1103 size-full\" src=\"https:\/\/web.td2.info.pl\/wp-content\/uploads\/2019\/05\/zlot_web2.png\" alt=\"\" width=\"1930\" height=\"1090\" srcset=\"https:\/\/web.td2.info.pl\/wp-content\/uploads\/2019\/05\/zlot_web2.png 1930w, https:\/\/web.td2.info.pl\/wp-content\/uploads\/2019\/05\/zlot_web2-300x169.png 300w, https:\/\/web.td2.info.pl\/wp-content\/uploads\/2019\/05\/zlot_web2-768x434.png 768w, https:\/\/web.td2.info.pl\/wp-content\/uploads\/2019\/05\/zlot_web2-1024x578.png 1024w\" sizes=\"(max-width: 1930px) 100vw, 1930px\" \/><strong>Drugie spotkanie teamu TD2<\/strong>. Wroc\u0142aw 11.05.2019.","protected":false},"excerpt":{"rendered":"<p>Train Driver 2 jest aktualnie w fazie produkcyjnej; forum jak i wersja alfa gry zosta\u0142y udost\u0119pnione 26 czerwca 2015. Od tego czasu min\u0119\u0142o wiele godzin na programowaniu, testowaniu, naprawianiu bug\u00f3w, dopracowywaniu \u00a0detali i jeszcze wi\u0119cej na usuwania bug\u00f3w. Przez lata zesp\u00f3\u0142 przechodzi\u0142 wiele zmian. Na tej stronie s\u0105 wy\u015bwietlone osoby maj\u0105ce wk\u0142ad w rozw\u00f3j ca\u0142ego [&hellip;]<\/p>\n","protected":false},"author":4,"featured_media":0,"parent":2,"menu_order":2,"comment_status":"closed","ping_status":"closed","template":"","meta":{"om_disable_all_campaigns":false,"_monsterinsights_skip_tracking":false,"_monsterinsights_sitenote_active":false,"_monsterinsights_sitenote_note":"","_monsterinsights_sitenote_category":0,"_uf_show_specific_survey":0,"_uf_disable_surveys":false,"footnotes":""},"class_list":["post-373","page","type-page","status-publish","hentry"],"aioseo_notices":[],"_links":{"self":[{"href":"https:\/\/web.td2.info.pl\/pl\/wp-json\/wp\/v2\/pages\/373"}],"collection":[{"href":"https:\/\/web.td2.info.pl\/pl\/wp-json\/wp\/v2\/pages"}],"about":[{"href":"https:\/\/web.td2.info.pl\/pl\/wp-json\/wp\/v2\/types\/page"}],"author":[{"embeddable":true,"href":"https:\/\/web.td2.info.pl\/pl\/wp-json\/wp\/v2\/users\/4"}],"replies":[{"embeddable":true,"href":"https:\/\/web.td2.info.pl\/pl\/wp-json\/wp\/v2\/comments?post=373"}],"version-history":[{"count":3,"href":"https:\/\/web.td2.info.pl\/pl\/wp-json\/wp\/v2\/pages\/373\/revisions"}],"predecessor-version":[{"id":1257,"href":"https:\/\/web.td2.info.pl\/pl\/wp-json\/wp\/v2\/pages\/373\/revisions\/1257"}],"up":[{"embeddable":true,"href":"https:\/\/web.td2.info.pl\/pl\/wp-json\/wp\/v2\/pages\/2"}],"wp:attachment":[{"href":"https:\/\/web.td2.info.pl\/pl\/wp-json\/wp\/v2\/media?parent=373"}],"curies":[{"name":"wp","href":"https:\/\/api.w.org\/{rel}","templated":true}]}}