{"id":2,"date":"2017-05-23T19:24:55","date_gmt":"2017-05-23T17:24:55","guid":{"rendered":"https:\/\/web.td2.info.pl\/?page_id=2"},"modified":"2024-06-02T17:27:09","modified_gmt":"2024-06-02T15:27:09","slug":"o-symulatorze","status":"publish","type":"page","link":"https:\/\/web.td2.info.pl\/pl\/","title":{"rendered":"O symulatorze"},"content":{"rendered":"Witamy na stronie po\u015bwi\u0119conej projektowi <strong>Train Driver 2<\/strong><\/p>\n<p>Train Driver 2 jest symulatorem ruchu kolejowego polskiej produkcji z nastawieniem na gr\u0119 wieloosobow\u0105. Jako gracz, mo\u017cesz wcieli\u0107 si\u0119 w maszynist\u0119 pojazd\u00f3w trakcyjnych lub dy\u017curnego ruchu. Zapewniamy mo\u017cliwo\u015b\u0107 prowadzenia ruchu w trybie online &#8211; wraz z innymi graczami, oraz offline &#8211; je\u017celi chcemy po\u0107wiczy\u0107 umiej\u0119tno\u015bci, lub zwyczajnie nie mamy w danym momencie po\u0142\u0105czenia z internetem.<\/p>\n<p>Symulator tworzony jest przez pasjonat\u00f3w kolei dla tych, kt\u00f3rzy dopiero rozpoczynaj\u0105 swoj\u0105 przygod\u0119 z kolejowym \u015bwiatem, jak i r\u00f3wnie\u017c dla os\u00f3b b\u0119d\u0105cych kolejowymi wyjadaczami. Mo\u017cemy wciela\u0107 si\u0119 w rol\u0119 dy\u017curnych na ma\u0142ych, lokalnych stacjach, posterunkach, lub zarz\u0105dza\u0107 ruchem na ogromnych, wielostanowiskowych stacjach, wyprawiaj\u0105c sk\u0142ady prowadzone przez inne osoby, po uzgodnieniu z pozosta\u0142ymi dy\u017curnymi pe\u0142ni\u0105cymi s\u0142u\u017cb\u0119.<\/p>\n<p>Jako maszyni\u015bci b\u0119dziemy przemierza\u0107 wsp\u00f3lnie wielokilometrowe szlaki, przeje\u017cd\u017caj\u0105c przez stacje, posterunki odga\u0142\u0119\u017ane, wykonuj\u0105c niejednokrotnie manewry i oczekuj\u0105c na zezwolenie wjazdu od dy\u017curnego ruchu. To w\u0142a\u015bnie od Ciebie zale\u017cy, za sterami jakiego poci\u0105gu si\u0105dziesz. Czy to b\u0119dzie sk\u0142ad osobowy, pospieszny, ekspres, a nawet ci\u0119\u017cki poci\u0105g towarowy z w\u0119glarkami wype\u0142nionymi surowcem. Osoby ch\u0119tne do dzia\u0142ania w obr\u0119bie jednej stacji mog\u0105 obj\u0105\u0107 s\u0142u\u017cb\u0119 na lokomotywie manewrowej, gdzie czekaj\u0105 wszelkiej ma\u015bci zadania! Scenariusz jest r\u00f3\u017cnorodny i za ka\u017cdym razem unikatowy. Ka\u017cdy z prowadz\u0105cych znajdzie tu tabor dla siebie &#8211; od lokomotyw spalinowych przez elektryczne, na EZT\/SZT ko\u0144cz\u0105c. Dodatkowo sw\u00f3j sk\u0142ad mo\u017cemy definiowa\u0107 spo\u015br\u00f3d wielu typ\u00f3w r\u00f3\u017cnych wagon\u00f3w dost\u0119pnych w symulatorze (a nowe rodzaje lokomotyw, ezt czy wagon\u00f3w ci\u0105gle b\u0119d\u0105 przybywa\u0107!).<\/p>\n<p>Masz marzenie o w\u0142asnej stacji? Nic prostszego! Dla tych, kt\u00f3rzy chcieliby sterowa\u0107 w\u0142asn\u0105 stacj\u0105, kt\u00f3rej nie ma jeszcze w symulatorze, przygotowali\u015bmy intuicyjny edytor scenerii, pozwalaj\u0105cy na zaprojektowanie w\u0142asnego w\u0119z\u0142a &#8211; zar\u00f3wno fikcyjnego jak i opartego o realne obiekty. Dodatkowo po zatwierdzeniu zgodno\u015bci scenerii z przepisami stacja dopuszczana jest do ruchu online &#8211; dzi\u0119ki temu inne osoby mog\u0105 podziwia\u0107 efekt naszej pracy.<\/p>\n<p>Ka\u017cdy znajdzie tu co\u015b dla siebie.\u00a0 Je\u017celi chcia\u0142by\u015b pom\u00f3c przy dalszym rozwoju symulatora, napisz do nas na adres mailowy <a href=\"&#109;&#x61;&#105;&#x6c;&#116;&#x6f;&#58;&#x73;&#116;&#x6f;&#119;&#x61;&#114;&#x7a;&#121;&#x73;&#122;&#x65;&#110;&#x69;&#101;&#x40;&#116;&#x74;&#115;&#x6b;&#46;&#x6e;g&#x6f;\">&#115;&#x74;&#x6f;w&#97;&#x72;z&#121;&#x73;z&#101;&#x6e;i&#101;&#x40;&#x74;&#116;&#x73;&#x6b;&#46;&#110;&#x67;o<\/a>\u00a0\u2013 czekamy na Ciebie!","protected":false},"excerpt":{"rendered":"<p>Witamy na stronie po\u015bwi\u0119conej projektowi Train Driver 2 Train Driver 2 jest symulatorem ruchu kolejowego polskiej produkcji z nastawieniem na gr\u0119 wieloosobow\u0105. Jako gracz, mo\u017cesz wcieli\u0107 si\u0119 w maszynist\u0119 pojazd\u00f3w trakcyjnych lub dy\u017curnego ruchu. Zapewniamy mo\u017cliwo\u015b\u0107 prowadzenia ruchu w trybie online &#8211; wraz z innymi graczami, oraz offline &#8211; je\u017celi chcemy po\u0107wiczy\u0107 umiej\u0119tno\u015bci, lub zwyczajnie [&hellip;]<\/p>\n","protected":false},"author":4,"featured_media":0,"parent":0,"menu_order":0,"comment_status":"closed","ping_status":"closed","template":"","meta":{"om_disable_all_campaigns":false,"_monsterinsights_skip_tracking":false,"_monsterinsights_sitenote_active":false,"_monsterinsights_sitenote_note":"","_monsterinsights_sitenote_category":0,"_uf_show_specific_survey":0,"_uf_disable_surveys":false,"footnotes":""},"class_list":["post-2","page","type-page","status-publish","hentry"],"aioseo_notices":[],"_links":{"self":[{"href":"https:\/\/web.td2.info.pl\/pl\/wp-json\/wp\/v2\/pages\/2"}],"collection":[{"href":"https:\/\/web.td2.info.pl\/pl\/wp-json\/wp\/v2\/pages"}],"about":[{"href":"https:\/\/web.td2.info.pl\/pl\/wp-json\/wp\/v2\/types\/page"}],"author":[{"embeddable":true,"href":"https:\/\/web.td2.info.pl\/pl\/wp-json\/wp\/v2\/users\/4"}],"replies":[{"embeddable":true,"href":"https:\/\/web.td2.info.pl\/pl\/wp-json\/wp\/v2\/comments?post=2"}],"version-history":[{"count":1,"href":"https:\/\/web.td2.info.pl\/pl\/wp-json\/wp\/v2\/pages\/2\/revisions"}],"predecessor-version":[{"id":1616,"href":"https:\/\/web.td2.info.pl\/pl\/wp-json\/wp\/v2\/pages\/2\/revisions\/1616"}],"wp:attachment":[{"href":"https:\/\/web.td2.info.pl\/pl\/wp-json\/wp\/v2\/media?parent=2"}],"curies":[{"name":"wp","href":"https:\/\/api.w.org\/{rel}","templated":true}]}}